{"id":140,"date":"2017-11-25T14:13:26","date_gmt":"2017-11-25T13:13:26","guid":{"rendered":"http:\/\/www.confrerie-saint-symphorien.be\/wordpress\/wordpress\/?page_id=140"},"modified":"2018-05-11T10:30:30","modified_gmt":"2018-05-11T08:30:30","slug":"parcours-decouverte-village","status":"publish","type":"page","link":"http:\/\/www.confrerie-saint-symphorien.be\/?page_id=140","title":{"rendered":"Parcours D\u00e9couverte Village"},"content":{"rendered":"<p><a href=\"http:\/\/www.confrerie-saint-symphorien.be\/wp-content\/uploads\/2017\/11\/CARTE-SYMPHO-125.jpg\"><img loading=\"lazy\" decoding=\"async\" class=\"wp-image-247 size-medium alignright\" src=\"http:\/\/www.confrerie-saint-symphorien.be\/wp-content\/uploads\/2017\/11\/CARTE-SYMPHO-125-262x300.jpg\" alt=\"\" width=\"262\" height=\"300\" srcset=\"http:\/\/www.confrerie-saint-symphorien.be\/wp-content\/uploads\/2017\/11\/CARTE-SYMPHO-125-262x300.jpg 262w, http:\/\/www.confrerie-saint-symphorien.be\/wp-content\/uploads\/2017\/11\/CARTE-SYMPHO-125-768x878.jpg 768w, http:\/\/www.confrerie-saint-symphorien.be\/wp-content\/uploads\/2017\/11\/CARTE-SYMPHO-125-896x1024.jpg 896w\" sizes=\"auto, (max-width: 262px) 100vw, 262px\" \/><\/a><\/p>\n<ol>\n<li><a href=\"http:\/\/www.confrerie-saint-symphorien.be\/?page_id=85\">Le Cimeti\u00e8re Militaire<\/a><\/li>\n<li><a href=\"http:\/\/www.confrerie-saint-symphorien.be\/?page_id=303\">La place de Saint-Symphorien<\/a><\/li>\n<li><a href=\"http:\/\/www.confrerie-saint-symphorien.be\/?page_id=305\">L&rsquo;Eglise de Saint-Symphorien<\/a><\/li>\n<li><a href=\"http:\/\/www.confrerie-saint-symphorien.be\/?page_id=307\">Le Menhir N\u00e9olitique<\/a><\/li>\n<li><a href=\"http:\/\/www.confrerie-saint-symphorien.be\/?page_id=309\">L&rsquo;ancienne Maison Communale<\/a><\/li>\n<li><a href=\"http:\/\/www.confrerie-saint-symphorien.be\/?page_id=311\">La Cour du Baron<\/a><\/li>\n<li><a href=\"http:\/\/www.confrerie-saint-symphorien.be\/?page_id=313\">Le Ch\u00e2teau de Saint-Symphorien<\/a><\/li>\n<li><a href=\"http:\/\/www.confrerie-saint-symphorien.be\/?page_id=315\">La Chapelle Saint-Roch<\/a><\/li>\n<li><a href=\"http:\/\/www.confrerie-saint-symphorien.be\/?page_id=317\">La Ferme de l&rsquo;Ordre de Malte<\/a><\/li>\n<li><a href=\"http:\/\/www.confrerie-saint-symphorien.be\/?page_id=319\">Le Hameau de Cerneau<\/a><\/li>\n<li><a href=\"http:\/\/www.confrerie-saint-symphorien.be\/?page_id=321\">La Ferme des Sars<\/a><\/li>\n<li><a href=\"http:\/\/www.confrerie-saint-symphorien.be\/?page_id=323\">Le Chateau Marcq<\/a><\/li>\n<li><a href=\"http:\/\/www.confrerie-saint-symphorien.be\/?page_id=325\">Lieu d&rsquo;atterrissage du bombardier B17<\/a><\/li>\n<li><a href=\"http:\/\/www.confrerie-saint-symphorien.be\/?page_id=327\">Le Monument aux Morts<\/a><\/li>\n<li><a href=\"http:\/\/www.confrerie-saint-symphorien.be\/?page_id=330\">Le Moulin \u00e0 Vent<\/a><\/li>\n<\/ol>\n<p><a href=\"http:\/\/www.confrerie-saint-symphorien.be\"><img loading=\"lazy\" decoding=\"async\" class=\"aligncenter wp-image-50 size-thumbnail\" src=\"http:\/\/www.confrerie-saint-symphorien.be\/wp-content\/uploads\/2017\/10\/Logo-1-150x150.png\" alt=\"\" width=\"150\" height=\"150\" srcset=\"http:\/\/www.confrerie-saint-symphorien.be\/wp-content\/uploads\/2017\/10\/Logo-1-150x150.png 150w, http:\/\/www.confrerie-saint-symphorien.be\/wp-content\/uploads\/2017\/10\/Logo-1-480x480.png 480w, http:\/\/www.confrerie-saint-symphorien.be\/wp-content\/uploads\/2017\/10\/Logo-1-250x250.png 250w, http:\/\/www.confrerie-saint-symphorien.be\/wp-content\/uploads\/2017\/10\/Logo-1-174x174.png 174w\" sizes=\"auto, (max-width: 150px) 100vw, 150px\" \/><\/a><\/p>\n","protected":false},"excerpt":{"rendered":"<p>Le Cimeti\u00e8re Militaire La place de Saint-Symphorien L&rsquo;Eglise de Saint-Symphorien Le Menhir N\u00e9olitique L&rsquo;ancienne Maison Communale La Cour du Baron Le Ch\u00e2teau de Saint-Symphorien La Chapelle Saint-Roch La Ferme de l&rsquo;Ordre de Malte Le Hameau de Cerneau La Ferme des Sars Le Chateau Marcq Lieu d&rsquo;atterrissage du bombardier B17 Le Monument aux Morts Le Moulin &hellip; <\/p>\n<p class=\"link-more\"><a href=\"http:\/\/www.confrerie-saint-symphorien.be\/?page_id=140\" class=\"more-link\">Continuer la lecture<span class=\"screen-reader-text\"> de &laquo;&nbsp;Parcours D\u00e9couverte Village&nbsp;&raquo;<\/span><\/a><\/p>\n","protected":false},"author":1,"featured_media":0,"parent":0,"menu_order":0,"comment_status":"closed","ping_status":"closed","template":"","meta":{"_exactmetrics_skip_tracking":false,"_exactmetrics_sitenote_active":false,"_exactmetrics_sitenote_note":"","_exactmetrics_sitenote_category":0,"ngg_post_thumbnail":0,"footnotes":""},"class_list":["post-140","page","type-page","status-publish","hentry"],"_links":{"self":[{"href":"http:\/\/www.confrerie-saint-symphorien.be\/index.php?rest_route=\/wp\/v2\/pages\/140","targetHints":{"allow":["GET"]}}],"collection":[{"href":"http:\/\/www.confrerie-saint-symphorien.be\/index.php?rest_route=\/wp\/v2\/pages"}],"about":[{"href":"http:\/\/www.confrerie-saint-symphorien.be\/index.php?rest_route=\/wp\/v2\/types\/page"}],"author":[{"embeddable":true,"href":"http:\/\/www.confrerie-saint-symphorien.be\/index.php?rest_route=\/wp\/v2\/users\/1"}],"replies":[{"embeddable":true,"href":"http:\/\/www.confrerie-saint-symphorien.be\/index.php?rest_route=%2Fwp%2Fv2%2Fcomments&post=140"}],"version-history":[{"count":31,"href":"http:\/\/www.confrerie-saint-symphorien.be\/index.php?rest_route=\/wp\/v2\/pages\/140\/revisions"}],"predecessor-version":[{"id":1702,"href":"http:\/\/www.confrerie-saint-symphorien.be\/index.php?rest_route=\/wp\/v2\/pages\/140\/revisions\/1702"}],"wp:attachment":[{"href":"http:\/\/www.confrerie-saint-symphorien.be\/index.php?rest_route=%2Fwp%2Fv2%2Fmedia&parent=140"}],"curies":[{"name":"wp","href":"https:\/\/api.w.org\/{rel}","templated":true}]}}