{"id":303,"date":"2017-12-03T01:14:45","date_gmt":"2017-12-03T00:14:45","guid":{"rendered":"http:\/\/www.confrerie-saint-symphorien.be\/?page_id=303"},"modified":"2018-04-28T11:01:44","modified_gmt":"2018-04-28T09:01:44","slug":"parcours-2-la-place-de-saint-symphorien","status":"publish","type":"page","link":"http:\/\/www.confrerie-saint-symphorien.be\/?page_id=303","title":{"rendered":"Parcours 2: La place de Saint-Symphorien"},"content":{"rendered":"<p><a href=\"http:\/\/www.confrerie-saint-symphorien.be\/wp-content\/uploads\/2017\/12\/2-Placea.png\"><img loading=\"lazy\" decoding=\"async\" class=\"aligncenter wp-image-351 size-large\" src=\"http:\/\/www.confrerie-saint-symphorien.be\/wp-content\/uploads\/2017\/12\/2-Placea-1024x544.png\" alt=\"\" width=\"525\" height=\"279\" srcset=\"http:\/\/www.confrerie-saint-symphorien.be\/wp-content\/uploads\/2017\/12\/2-Placea-1024x544.png 1024w, http:\/\/www.confrerie-saint-symphorien.be\/wp-content\/uploads\/2017\/12\/2-Placea-300x159.png 300w, http:\/\/www.confrerie-saint-symphorien.be\/wp-content\/uploads\/2017\/12\/2-Placea-768x408.png 768w\" sizes=\"auto, (max-width: 525px) 100vw, 525px\" \/><\/a><\/p>\n<p><span style=\"color: #008080;\">La place, bord\u00e9e de tilleuls, est le haut lieu des festivit\u00e9s villageoises. D\u00e9j\u00e0 au XVIIIe si\u00e8cle, elle a la morphologie d\u2019aujourd\u2019hui. Sous l\u2019Ancien R\u00e9gime, une partie de celle-ci, d\u00e9nomm\u00e9e \u00ab Place Saint Jean \u00bb, appartenait \u00e0 l\u2019Ordre de Malte qui pouvait y exercer sa pleine juridiction et y appliquer ses sentences. Cette portion \u00e9tait d\u00e9limit\u00e9e par quatre bornes qui subsistent encore et poss\u00e9dait en son centre un arbre, le tilleul Saint Jean, utilis\u00e9 comme pilori, puis remplac\u00e9 par une pierre.<\/span><\/p>\n<p><span style=\"color: #800080;\">The square, lined by linden trees, is the top place of gatherings and villagers&rsquo; festivities. Already in the 18th century, the square has its current morphology. Under the previous regime, a part of this square, called Saint John&rsquo;s square, belonged to the Order of Malta that could exercise its full jurisdiction and apply sentences. This portion of the square was delimited by four large poles which still remain today and contained a tree in the middle (Saint John&rsquo;s linden tree), which was used as a pillory and later replaced by a stone.<\/span><\/p>\n<p><span style=\"color: #008000;\">Het plein, omzoomd door linden, is de eersteklas plaats voor dorpsfestiviteiten. Al in de achttiende eeuw heeft het plein haar hedendaagse morfologie. Onder de Vorige Regeling behoorde een deel van dit plein, genoemd \u00ab\u00a0Sint-Jansplein\u00a0\u00bb, tot de Orde van Malta, die zijn volledige rechtsmacht kon uitoefenen en zijn vonnissen voltrekken. Dit deel van het plein werd afgebakend door 4 grote palen die vandaag blijven bestaan en bevatte een boom in het midden (de Sint-Janslindeboom), die gebruikt werd als een schandpaal en later vervangen door een steen.<\/span><\/p>\n<p><span style=\"color: #800000;\">Der von Linden ges\u00e4umte Dorfplatz dient als beliebter Veranstaltungsort f\u00fcr Feste der Gemeinde. Bereits im 18. Jahrhundert bot er sich in seinem heutigen Erscheinungsbild dar. Unter dem Ancien R\u00e9gime geh\u00f6rte ein Teil davon namens \u201ePlace Saint-Jean\u201c dem Malteserorden, der dort seine Gerichtsbarkeit uneingeschr\u00e4nkt aus\u00fcben und verh\u00e4ngte Strafen vollstrecken konnte. Dieser war durch vier Marksteine umgrenzt, die sich bis heute erhalten haben, und wies in seiner Mitte eine Linde, den \u201eTilleul Saint-Jean\u201c, auf, die als Pranger diente, ehe sie in der Folge durch einen steinernen Pranger ersetzt wurde.<\/span><\/p>\n<p><a href=\"http:\/\/www.confrerie-saint-symphorien.be\"><img loading=\"lazy\" decoding=\"async\" class=\"aligncenter wp-image-50 size-thumbnail\" src=\"http:\/\/www.confrerie-saint-symphorien.be\/wp-content\/uploads\/2017\/10\/Logo-1-150x150.png\" alt=\"\" width=\"150\" height=\"150\" srcset=\"http:\/\/www.confrerie-saint-symphorien.be\/wp-content\/uploads\/2017\/10\/Logo-1-150x150.png 150w, http:\/\/www.confrerie-saint-symphorien.be\/wp-content\/uploads\/2017\/10\/Logo-1-480x480.png 480w, http:\/\/www.confrerie-saint-symphorien.be\/wp-content\/uploads\/2017\/10\/Logo-1-250x250.png 250w, http:\/\/www.confrerie-saint-symphorien.be\/wp-content\/uploads\/2017\/10\/Logo-1-174x174.png 174w\" sizes=\"auto, (max-width: 150px) 100vw, 150px\" \/><\/a><\/p>\n","protected":false},"excerpt":{"rendered":"<p>La place, bord\u00e9e de tilleuls, est le haut lieu des festivit\u00e9s villageoises. D\u00e9j\u00e0 au XVIIIe si\u00e8cle, elle a la morphologie d\u2019aujourd\u2019hui. Sous l\u2019Ancien R\u00e9gime, une partie de celle-ci, d\u00e9nomm\u00e9e \u00ab Place Saint Jean \u00bb, appartenait \u00e0 l\u2019Ordre de Malte qui pouvait y exercer sa pleine juridiction et y appliquer ses sentences. Cette portion \u00e9tait d\u00e9limit\u00e9e &hellip; <\/p>\n<p class=\"link-more\"><a href=\"http:\/\/www.confrerie-saint-symphorien.be\/?page_id=303\" class=\"more-link\">Continuer la lecture<span class=\"screen-reader-text\"> de &laquo;&nbsp;Parcours 2: La place de Saint-Symphorien&nbsp;&raquo;<\/span><\/a><\/p>\n","protected":false},"author":1,"featured_media":0,"parent":140,"menu_order":0,"comment_status":"closed","ping_status":"closed","template":"","meta":{"_exactmetrics_skip_tracking":false,"_exactmetrics_sitenote_active":false,"_exactmetrics_sitenote_note":"","_exactmetrics_sitenote_category":0,"ngg_post_thumbnail":0,"footnotes":""},"class_list":["post-303","page","type-page","status-publish","hentry"],"_links":{"self":[{"href":"http:\/\/www.confrerie-saint-symphorien.be\/index.php?rest_route=\/wp\/v2\/pages\/303","targetHints":{"allow":["GET"]}}],"collection":[{"href":"http:\/\/www.confrerie-saint-symphorien.be\/index.php?rest_route=\/wp\/v2\/pages"}],"about":[{"href":"http:\/\/www.confrerie-saint-symphorien.be\/index.php?rest_route=\/wp\/v2\/types\/page"}],"author":[{"embeddable":true,"href":"http:\/\/www.confrerie-saint-symphorien.be\/index.php?rest_route=\/wp\/v2\/users\/1"}],"replies":[{"embeddable":true,"href":"http:\/\/www.confrerie-saint-symphorien.be\/index.php?rest_route=%2Fwp%2Fv2%2Fcomments&post=303"}],"version-history":[{"count":7,"href":"http:\/\/www.confrerie-saint-symphorien.be\/index.php?rest_route=\/wp\/v2\/pages\/303\/revisions"}],"predecessor-version":[{"id":1633,"href":"http:\/\/www.confrerie-saint-symphorien.be\/index.php?rest_route=\/wp\/v2\/pages\/303\/revisions\/1633"}],"up":[{"embeddable":true,"href":"http:\/\/www.confrerie-saint-symphorien.be\/index.php?rest_route=\/wp\/v2\/pages\/140"}],"wp:attachment":[{"href":"http:\/\/www.confrerie-saint-symphorien.be\/index.php?rest_route=%2Fwp%2Fv2%2Fmedia&parent=303"}],"curies":[{"name":"wp","href":"https:\/\/api.w.org\/{rel}","templated":true}]}}