{"id":307,"date":"2017-12-03T01:15:56","date_gmt":"2017-12-03T00:15:56","guid":{"rendered":"http:\/\/www.confrerie-saint-symphorien.be\/?page_id=307"},"modified":"2018-01-05T11:20:13","modified_gmt":"2018-01-05T10:20:13","slug":"parcours-4-le-menhir-neolitique","status":"publish","type":"page","link":"http:\/\/www.confrerie-saint-symphorien.be\/?page_id=307","title":{"rendered":"Parcours 4: Le Menhir N\u00e9olitique"},"content":{"rendered":"<p><span style=\"color: #008080;\"><a href=\"http:\/\/www.confrerie-saint-symphorien.be\/wp-content\/uploads\/2018\/01\/4-Menhir-2p.png\"><img loading=\"lazy\" decoding=\"async\" class=\"size-medium wp-image-1563 alignleft\" src=\"http:\/\/www.confrerie-saint-symphorien.be\/wp-content\/uploads\/2018\/01\/4-Menhir-2p-230x300.png\" alt=\"\" width=\"230\" height=\"300\" srcset=\"http:\/\/www.confrerie-saint-symphorien.be\/wp-content\/uploads\/2018\/01\/4-Menhir-2p-230x300.png 230w, http:\/\/www.confrerie-saint-symphorien.be\/wp-content\/uploads\/2018\/01\/4-Menhir-2p-768x1001.png 768w, http:\/\/www.confrerie-saint-symphorien.be\/wp-content\/uploads\/2018\/01\/4-Menhir-2p-785x1024.png 785w, http:\/\/www.confrerie-saint-symphorien.be\/wp-content\/uploads\/2018\/01\/4-Menhir-2p.png 1000w\" sizes=\"auto, (max-width: 230px) 100vw, 230px\" \/><\/a>Par d\u00e9finition, un menhir est une pierre dress\u00e9e et plant\u00e9e verticalement, datant de la p\u00e9riode n\u00e9olithique. Haut de 2,50&nbsp;m, large de 1,30&nbsp;m et pesant 2500&nbsp;kg, le menhir de Saint-Symphorien a \u00e9galement servi de polissoir. Il fut d\u00e9couvert en 1860 par M. Piscart,&nbsp;un agriculteur, qui cassa le soc de sa charrue, alors qu\u2019il labourait son champ situ\u00e9 \u00e0 la fin du sentier de la Violette, \u00e0 la limite d\u2019Harmignies. Le menhir fut install\u00e9 dans le parc du ch\u00e2teau Maigret de Priches, o\u00f9 il resta pendant 90&nbsp;ans. Le 17&nbsp;octobre&nbsp;1951, le m\u00e9galithe fut offert par Mademoiselle Emmy Maigret de Priches \u00e0 la ville de Mons. \u00c0 la demande de la Confr\u00e9rie Saint-Symphorien, il fut r\u00e9install\u00e9 dans le village le 20&nbsp;mars&nbsp;2007.<\/span><\/p>\n<p><span style=\"color: #800080;\">By definition a menhir is a vertically standing stone during the Neolithic period. The Saint-Symphorien menhir, 2m50 high, 1m30 large, with a weight of 2500 kg was also used as a Neolithic buffer for flint tools. It was discovered in 1860 by Mr Piscart, a farmer who broke his ploughshare while ploughing his field, located at the end of the Violette path at the edge of Harmignies. The menhir was later dug up in order to stand in the park of the castle Maigret de Priches, where it remained for 90 years. On 17th October 1951 the megalith was offered by Ms Emmy Maigret de Priches to the city of Mons. At the request of the Saint-Symphorien Brotherhood, it was moved back again in the village on 20th March 2007.<\/span><\/p>\n<p><span style=\"color: #008000;\">Per definitie is een menhir een verticale staande steen tijdens het neolithische tijdperk. De menhir van Saint-Symphorien, 2m50 hoog, 1m30 breed, met een gewicht van 2500 kg, diende ook tot een neolithische lintborstel voor vuurstenen werktuigen. Hij werd ontdekt in 1860 door Dhr Piscart, een landbouwer die zijn ploegschaar brak door zijn akker te ploegen, gelegen op het einde van de Violette pad, op de grens van Harmignies. De menhir werd daarna opgegraven om in het park van het Maigret de Priches kasteel te staan, waar hij 90 jaar bleef. Op 17 oktober 1951 werd de megaliet aangeboden door mejuffrouw Emmy Maigret de Priches aan de stad Bergen. Op verzoek van de Sint-Symphorien Broederschap werd hij &nbsp; opnieuw ge\u00efnstalleerd op 20 maart 2007 in het dorp.<\/span><\/p>\n<p><span style=\"color: #800000;\">Definitionsgem\u00e4\u00df handelt es sich bei einem Menhir (Hinkelstein) um einen in der Epoche der Jungsteinzeit errichteten Megalith. Der 2,50&nbsp;m hohe und 1,30&nbsp;m breite Menhir von Saint-Symphorien mit einer Masse von 2,5&nbsp;t wurde auch als Schleifstein genutzt. Entdeckt wurde er im Jahre 1860 am Ende des Sentier de la Violette, eines Pfades aus pr\u00e4historischer Zeit am Rande von Harmignies, vom Landwirt Piscart, als dieser sich beim Bestellen des Feldes seine Pflugschar daran zerbrach. Der Menhir wurde im Park des Schlosses Maigret de Priches aufgestellt, wo er 90&nbsp;Jahre lang verblieb. Am 17.&nbsp;Oktober 1951 wurde der Megalith dann von Mademoiselle Emmy Maigret de Priches der Stadt Mons \u00fcbereignet. Auf Antrag der Confr\u00e9rie (Bruderschaft) Saint-Symphorien wurde er am 20.&nbsp;M\u00e4rz 2007 im Dorf wiedererrichtet.<\/span><\/p>\n<p><a href=\"http:\/\/www.confrerie-saint-symphorien.be\"><img loading=\"lazy\" decoding=\"async\" class=\"aligncenter size-thumbnail wp-image-50\" src=\"http:\/\/www.confrerie-saint-symphorien.be\/wp-content\/uploads\/2017\/10\/Logo-1-150x150.png\" alt=\"\" width=\"150\" height=\"150\" srcset=\"http:\/\/www.confrerie-saint-symphorien.be\/wp-content\/uploads\/2017\/10\/Logo-1-150x150.png 150w, http:\/\/www.confrerie-saint-symphorien.be\/wp-content\/uploads\/2017\/10\/Logo-1-480x480.png 480w, http:\/\/www.confrerie-saint-symphorien.be\/wp-content\/uploads\/2017\/10\/Logo-1-250x250.png 250w, http:\/\/www.confrerie-saint-symphorien.be\/wp-content\/uploads\/2017\/10\/Logo-1-174x174.png 174w\" sizes=\"auto, (max-width: 150px) 100vw, 150px\" \/><\/a><\/p>\n","protected":false},"excerpt":{"rendered":"<p>Par d\u00e9finition, un menhir est une pierre dress\u00e9e et plant\u00e9e verticalement, datant de la p\u00e9riode n\u00e9olithique. Haut de 2,50&nbsp;m, large de 1,30&nbsp;m et pesant 2500&nbsp;kg, le menhir de Saint-Symphorien a \u00e9galement servi de polissoir. Il fut d\u00e9couvert en 1860 par M. Piscart,&nbsp;un agriculteur, qui cassa le soc de sa charrue, alors qu\u2019il labourait son champ &hellip; <\/p>\n<p class=\"link-more\"><a href=\"http:\/\/www.confrerie-saint-symphorien.be\/?page_id=307\" class=\"more-link\">Continuer la lecture<span class=\"screen-reader-text\"> de &laquo;&nbsp;Parcours 4: Le Menhir N\u00e9olitique&nbsp;&raquo;<\/span><\/a><\/p>\n","protected":false},"author":1,"featured_media":0,"parent":140,"menu_order":0,"comment_status":"closed","ping_status":"closed","template":"","meta":{"_exactmetrics_skip_tracking":false,"_exactmetrics_sitenote_active":false,"_exactmetrics_sitenote_note":"","_exactmetrics_sitenote_category":0,"ngg_post_thumbnail":0,"footnotes":""},"class_list":["post-307","page","type-page","status-publish","hentry"],"_links":{"self":[{"href":"http:\/\/www.confrerie-saint-symphorien.be\/index.php?rest_route=\/wp\/v2\/pages\/307","targetHints":{"allow":["GET"]}}],"collection":[{"href":"http:\/\/www.confrerie-saint-symphorien.be\/index.php?rest_route=\/wp\/v2\/pages"}],"about":[{"href":"http:\/\/www.confrerie-saint-symphorien.be\/index.php?rest_route=\/wp\/v2\/types\/page"}],"author":[{"embeddable":true,"href":"http:\/\/www.confrerie-saint-symphorien.be\/index.php?rest_route=\/wp\/v2\/users\/1"}],"replies":[{"embeddable":true,"href":"http:\/\/www.confrerie-saint-symphorien.be\/index.php?rest_route=%2Fwp%2Fv2%2Fcomments&post=307"}],"version-history":[{"count":4,"href":"http:\/\/www.confrerie-saint-symphorien.be\/index.php?rest_route=\/wp\/v2\/pages\/307\/revisions"}],"predecessor-version":[{"id":1564,"href":"http:\/\/www.confrerie-saint-symphorien.be\/index.php?rest_route=\/wp\/v2\/pages\/307\/revisions\/1564"}],"up":[{"embeddable":true,"href":"http:\/\/www.confrerie-saint-symphorien.be\/index.php?rest_route=\/wp\/v2\/pages\/140"}],"wp:attachment":[{"href":"http:\/\/www.confrerie-saint-symphorien.be\/index.php?rest_route=%2Fwp%2Fv2%2Fmedia&parent=307"}],"curies":[{"name":"wp","href":"https:\/\/api.w.org\/{rel}","templated":true}]}}