{"id":309,"date":"2017-12-03T01:16:25","date_gmt":"2017-12-03T00:16:25","guid":{"rendered":"http:\/\/www.confrerie-saint-symphorien.be\/?page_id=309"},"modified":"2017-12-04T00:27:51","modified_gmt":"2017-12-03T23:27:51","slug":"parcours-5-lancienne-maison-communale","status":"publish","type":"page","link":"http:\/\/www.confrerie-saint-symphorien.be\/?page_id=309","title":{"rendered":"Parcours 5: L&rsquo;ancienne Maison Communale"},"content":{"rendered":"<p><span style=\"color: #008080;\"><a href=\"http:\/\/www.confrerie-saint-symphorien.be\/wp-content\/uploads\/2017\/12\/5-Maison-Communale.png\"><img loading=\"lazy\" decoding=\"async\" class=\"aligncenter size-large wp-image-354\" src=\"http:\/\/www.confrerie-saint-symphorien.be\/wp-content\/uploads\/2017\/12\/5-Maison-Communale-1024x729.png\" alt=\"\" width=\"525\" height=\"374\" srcset=\"http:\/\/www.confrerie-saint-symphorien.be\/wp-content\/uploads\/2017\/12\/5-Maison-Communale-1024x729.png 1024w, http:\/\/www.confrerie-saint-symphorien.be\/wp-content\/uploads\/2017\/12\/5-Maison-Communale-300x213.png 300w, http:\/\/www.confrerie-saint-symphorien.be\/wp-content\/uploads\/2017\/12\/5-Maison-Communale-768x546.png 768w, http:\/\/www.confrerie-saint-symphorien.be\/wp-content\/uploads\/2017\/12\/5-Maison-Communale.png 1733w\" sizes=\"auto, (max-width: 525px) 100vw, 525px\" \/><\/a>L\u2019actuel b\u00e2timent, magnifiquement pr\u00e9serv\u00e9, est situ\u00e9 Place de Saint-Symphorien. Il abrita l\u2019ancienne maison communale jusqu\u2019\u00e0 la fusion des communes. La gestion actuelle du village d\u00e9pend de Mons. Construite dans le m\u00eame style, nous observons, sur sa droite, l\u2019ancienne cure du village. \u00a0<\/span><\/p>\n<p><span style=\"color: #800080;\">The current building, magnificently preserved, is located opposite the square of Saint Symphorien. It was the former Town Hall until the municipal merging. The present management of the village takes place in Mons. Built in the same style, we can see the former presbytery of the village on the right side.<\/span><\/p>\n<p><span style=\"color: #008000;\">Het actuele gebouw, prachtig behouden, ligt tegenover het plein van Saint-Symphorien. Het werd het vorige stadhuis tot de fusie van gemeenten. Het tegenwoordige beheer van het dorp vindt plaats in Bergen. Gebouwd in dezelfde stijl kunnen we op de rechterkant de vorige pastorie van het dorp bewonderen.<\/span><\/p>\n<p><span style=\"color: #800000;\">Das ausgezeichnet erhaltene Geb\u00e4ude ist an der Place de Saint-Symphorien gelegen. Bis zum Zusammenschluss der Gemeinden beherbergte es das Gemeindehaus. Heute wird das Dorf von Mons aus verwaltet. Auf der rechten Seite des Fotos ist die im gleichen Stil errichtete ehemalige Pfarrei des Dorfs zu erkennen.<\/span><\/p>\n<p><a href=\"http:\/\/www.confrerie-saint-symphorien.be\/wp-content\/uploads\/2017\/10\/Logo-1.png\"><img loading=\"lazy\" decoding=\"async\" class=\"aligncenter size-thumbnail wp-image-50\" src=\"http:\/\/www.confrerie-saint-symphorien.be\/wp-content\/uploads\/2017\/10\/Logo-1-150x150.png\" alt=\"\" width=\"150\" height=\"150\" srcset=\"http:\/\/www.confrerie-saint-symphorien.be\/wp-content\/uploads\/2017\/10\/Logo-1-150x150.png 150w, http:\/\/www.confrerie-saint-symphorien.be\/wp-content\/uploads\/2017\/10\/Logo-1-480x480.png 480w, http:\/\/www.confrerie-saint-symphorien.be\/wp-content\/uploads\/2017\/10\/Logo-1-250x250.png 250w, http:\/\/www.confrerie-saint-symphorien.be\/wp-content\/uploads\/2017\/10\/Logo-1-174x174.png 174w\" sizes=\"auto, (max-width: 150px) 100vw, 150px\" \/><\/a><\/p>\n","protected":false},"excerpt":{"rendered":"<p>L\u2019actuel b\u00e2timent, magnifiquement pr\u00e9serv\u00e9, est situ\u00e9 Place de Saint-Symphorien. Il abrita l\u2019ancienne maison communale jusqu\u2019\u00e0 la fusion des communes. La gestion actuelle du village d\u00e9pend de Mons. Construite dans le m\u00eame style, nous observons, sur sa droite, l\u2019ancienne cure du village. \u00a0 The current building, magnificently preserved, is located opposite the square of Saint Symphorien. &hellip; <\/p>\n<p class=\"link-more\"><a href=\"http:\/\/www.confrerie-saint-symphorien.be\/?page_id=309\" class=\"more-link\">Continuer la lecture<span class=\"screen-reader-text\"> de &laquo;&nbsp;Parcours 5: L&rsquo;ancienne Maison Communale&nbsp;&raquo;<\/span><\/a><\/p>\n","protected":false},"author":1,"featured_media":0,"parent":140,"menu_order":0,"comment_status":"closed","ping_status":"closed","template":"","meta":{"_exactmetrics_skip_tracking":false,"_exactmetrics_sitenote_active":false,"_exactmetrics_sitenote_note":"","_exactmetrics_sitenote_category":0,"ngg_post_thumbnail":0,"footnotes":""},"class_list":["post-309","page","type-page","status-publish","hentry"],"_links":{"self":[{"href":"http:\/\/www.confrerie-saint-symphorien.be\/index.php?rest_route=\/wp\/v2\/pages\/309","targetHints":{"allow":["GET"]}}],"collection":[{"href":"http:\/\/www.confrerie-saint-symphorien.be\/index.php?rest_route=\/wp\/v2\/pages"}],"about":[{"href":"http:\/\/www.confrerie-saint-symphorien.be\/index.php?rest_route=\/wp\/v2\/types\/page"}],"author":[{"embeddable":true,"href":"http:\/\/www.confrerie-saint-symphorien.be\/index.php?rest_route=\/wp\/v2\/users\/1"}],"replies":[{"embeddable":true,"href":"http:\/\/www.confrerie-saint-symphorien.be\/index.php?rest_route=%2Fwp%2Fv2%2Fcomments&post=309"}],"version-history":[{"count":3,"href":"http:\/\/www.confrerie-saint-symphorien.be\/index.php?rest_route=\/wp\/v2\/pages\/309\/revisions"}],"predecessor-version":[{"id":379,"href":"http:\/\/www.confrerie-saint-symphorien.be\/index.php?rest_route=\/wp\/v2\/pages\/309\/revisions\/379"}],"up":[{"embeddable":true,"href":"http:\/\/www.confrerie-saint-symphorien.be\/index.php?rest_route=\/wp\/v2\/pages\/140"}],"wp:attachment":[{"href":"http:\/\/www.confrerie-saint-symphorien.be\/index.php?rest_route=%2Fwp%2Fv2%2Fmedia&parent=309"}],"curies":[{"name":"wp","href":"https:\/\/api.w.org\/{rel}","templated":true}]}}