{"id":321,"date":"2017-12-03T01:19:19","date_gmt":"2017-12-03T00:19:19","guid":{"rendered":"http:\/\/www.confrerie-saint-symphorien.be\/?page_id=321"},"modified":"2017-12-04T00:41:19","modified_gmt":"2017-12-03T23:41:19","slug":"parcours-11-la-ferme-des-sars","status":"publish","type":"page","link":"http:\/\/www.confrerie-saint-symphorien.be\/?page_id=321","title":{"rendered":"Parcours 11: La Ferme des Sars"},"content":{"rendered":"<p><span style=\"color: #008080;\"><a href=\"http:\/\/www.confrerie-saint-symphorien.be\/wp-content\/uploads\/2017\/12\/11-ferme-des-sars.png\"><img loading=\"lazy\" decoding=\"async\" class=\"aligncenter size-large wp-image-360\" src=\"http:\/\/www.confrerie-saint-symphorien.be\/wp-content\/uploads\/2017\/12\/11-ferme-des-sars-1024x638.png\" alt=\"\" width=\"525\" height=\"327\" srcset=\"http:\/\/www.confrerie-saint-symphorien.be\/wp-content\/uploads\/2017\/12\/11-ferme-des-sars-1024x638.png 1024w, http:\/\/www.confrerie-saint-symphorien.be\/wp-content\/uploads\/2017\/12\/11-ferme-des-sars-300x187.png 300w, http:\/\/www.confrerie-saint-symphorien.be\/wp-content\/uploads\/2017\/12\/11-ferme-des-sars-768x478.png 768w\" sizes=\"auto, (max-width: 525px) 100vw, 525px\" \/><\/a>La ferme des Sars, dont la construction remonte au XVII<sup>e<\/sup>\u00a0si\u00e8cle, fut un \u00e9tablissement agricole important au sein du village de Saint-Symphorien. Actuellement, il ne reste que le corps de logis ainsi que l\u2019entr\u00e9e principale surmont\u00e9e de son pigeonnier. L\u2019ancien \u00e9tablissement agricole, situ\u00e9 \u00e0 l\u2019or\u00e9e du bois d\u2019Havr\u00e9, jouxte les anciennes carri\u00e8res de phosphate.<\/span><\/p>\n<p><span style=\"color: #800080;\">The \u00ab\u00a0Sars\u00a0\u00bb farmhouse, whose building dates back to the seventeenth century, was an important rural farm within the village of Saint-Symphorien. Nowadays\u00a0 there is not much left : only the main building and the main entrance topped with its pigeon loft. The former rural farm, located on the edge of the Havr\u00e9 forest, adjoins today the former phosphate quarries.<\/span><\/p>\n<p><span style=\"color: #008000;\">De \u00ab\u00a0Sars\u00a0\u00bb boerderij waarvan het gebouw tot de zeventiende eeuw teruggaat, was een belangrijk landbouwbedrijf binnen het dorpje van Saint-Symphorien. Tegenwoordig zijn er nog maar het hoofdgebouw evenals de hoofdingang waarop het duivenhok staat. Het voormalige landbouwbedrijf, gelegen aan de Havr\u00e9 bosrand, grenst vandaag aan de voormalige fosfaatsteengroeven.<\/span><\/p>\n<p><span style=\"color: #800000;\">Das Geh\u00f6ft von Les Sars, dessen Entstehung in das 17.\u00a0Jahrhundert zur\u00fcckreicht, war ein im Herzen des Dorfes Saint-Symphorien gelegener, bedeutender landwirtschaftlicher Betrieb. Heute sind davon nur noch das Corps de logis und der von einem Taubenschlag \u00fcberragte Haupteingang \u00fcbriggeblieben. Das am Rande des Waldes von Havr\u00e9 gelegene fr\u00fchere Geh\u00f6ft grenzt an die ehemaligen Phosphatminen an.<\/span><\/p>\n<p><a href=\"http:\/\/www.confrerie-saint-symphorien.be\"><img loading=\"lazy\" decoding=\"async\" class=\"aligncenter size-thumbnail wp-image-50\" src=\"http:\/\/www.confrerie-saint-symphorien.be\/wp-content\/uploads\/2017\/10\/Logo-1-150x150.png\" alt=\"\" width=\"150\" height=\"150\" srcset=\"http:\/\/www.confrerie-saint-symphorien.be\/wp-content\/uploads\/2017\/10\/Logo-1-150x150.png 150w, http:\/\/www.confrerie-saint-symphorien.be\/wp-content\/uploads\/2017\/10\/Logo-1-480x480.png 480w, http:\/\/www.confrerie-saint-symphorien.be\/wp-content\/uploads\/2017\/10\/Logo-1-250x250.png 250w, http:\/\/www.confrerie-saint-symphorien.be\/wp-content\/uploads\/2017\/10\/Logo-1-174x174.png 174w\" sizes=\"auto, (max-width: 150px) 100vw, 150px\" \/><\/a><\/p>\n","protected":false},"excerpt":{"rendered":"<p>La ferme des Sars, dont la construction remonte au XVIIe\u00a0si\u00e8cle, fut un \u00e9tablissement agricole important au sein du village de Saint-Symphorien. Actuellement, il ne reste que le corps de logis ainsi que l\u2019entr\u00e9e principale surmont\u00e9e de son pigeonnier. L\u2019ancien \u00e9tablissement agricole, situ\u00e9 \u00e0 l\u2019or\u00e9e du bois d\u2019Havr\u00e9, jouxte les anciennes carri\u00e8res de phosphate. The \u00ab\u00a0Sars\u00a0\u00bb &hellip; <\/p>\n<p class=\"link-more\"><a href=\"http:\/\/www.confrerie-saint-symphorien.be\/?page_id=321\" class=\"more-link\">Continuer la lecture<span class=\"screen-reader-text\"> de &laquo;&nbsp;Parcours 11: La Ferme des Sars&nbsp;&raquo;<\/span><\/a><\/p>\n","protected":false},"author":1,"featured_media":0,"parent":140,"menu_order":0,"comment_status":"closed","ping_status":"closed","template":"","meta":{"_exactmetrics_skip_tracking":false,"_exactmetrics_sitenote_active":false,"_exactmetrics_sitenote_note":"","_exactmetrics_sitenote_category":0,"ngg_post_thumbnail":0,"footnotes":""},"class_list":["post-321","page","type-page","status-publish","hentry"],"_links":{"self":[{"href":"http:\/\/www.confrerie-saint-symphorien.be\/index.php?rest_route=\/wp\/v2\/pages\/321","targetHints":{"allow":["GET"]}}],"collection":[{"href":"http:\/\/www.confrerie-saint-symphorien.be\/index.php?rest_route=\/wp\/v2\/pages"}],"about":[{"href":"http:\/\/www.confrerie-saint-symphorien.be\/index.php?rest_route=\/wp\/v2\/types\/page"}],"author":[{"embeddable":true,"href":"http:\/\/www.confrerie-saint-symphorien.be\/index.php?rest_route=\/wp\/v2\/users\/1"}],"replies":[{"embeddable":true,"href":"http:\/\/www.confrerie-saint-symphorien.be\/index.php?rest_route=%2Fwp%2Fv2%2Fcomments&post=321"}],"version-history":[{"count":3,"href":"http:\/\/www.confrerie-saint-symphorien.be\/index.php?rest_route=\/wp\/v2\/pages\/321\/revisions"}],"predecessor-version":[{"id":389,"href":"http:\/\/www.confrerie-saint-symphorien.be\/index.php?rest_route=\/wp\/v2\/pages\/321\/revisions\/389"}],"up":[{"embeddable":true,"href":"http:\/\/www.confrerie-saint-symphorien.be\/index.php?rest_route=\/wp\/v2\/pages\/140"}],"wp:attachment":[{"href":"http:\/\/www.confrerie-saint-symphorien.be\/index.php?rest_route=%2Fwp%2Fv2%2Fmedia&parent=321"}],"curies":[{"name":"wp","href":"https:\/\/api.w.org\/{rel}","templated":true}]}}