{"id":323,"date":"2017-12-03T01:19:45","date_gmt":"2017-12-03T00:19:45","guid":{"rendered":"http:\/\/www.confrerie-saint-symphorien.be\/?page_id=323"},"modified":"2017-12-04T00:43:41","modified_gmt":"2017-12-03T23:43:41","slug":"parcours-12-le-chateau-marcq","status":"publish","type":"page","link":"http:\/\/www.confrerie-saint-symphorien.be\/?page_id=323","title":{"rendered":"Parcours 12: Le Chateau Marcq"},"content":{"rendered":"<p><span style=\"color: #008080;\"><a href=\"http:\/\/www.confrerie-saint-symphorien.be\/wp-content\/uploads\/2017\/12\/12-chateau-marcq.png\"><img loading=\"lazy\" decoding=\"async\" class=\"aligncenter size-large wp-image-361\" src=\"http:\/\/www.confrerie-saint-symphorien.be\/wp-content\/uploads\/2017\/12\/12-chateau-marcq-1024x569.png\" alt=\"\" width=\"525\" height=\"292\" srcset=\"http:\/\/www.confrerie-saint-symphorien.be\/wp-content\/uploads\/2017\/12\/12-chateau-marcq-1024x569.png 1024w, http:\/\/www.confrerie-saint-symphorien.be\/wp-content\/uploads\/2017\/12\/12-chateau-marcq-300x167.png 300w, http:\/\/www.confrerie-saint-symphorien.be\/wp-content\/uploads\/2017\/12\/12-chateau-marcq-768x427.png 768w\" sizes=\"auto, (max-width: 525px) 100vw, 525px\" \/><\/a>Le ch\u00e2teau Marcq, situ\u00e9 dans la rue Jules Antheunis, fut construit fin du XVIII<sup>e<\/sup>, d\u00e9but du XIX<sup>e<\/sup>\u00a0si\u00e8cle. Il appartenait \u00e0 la famille Marcq, dont plusieurs membres furent bourgmestres du village. Le ch\u00e2teau fut aussi la r\u00e9sidence d\u2019enfance de l\u2019abb\u00e9 Jean-Pierre Marcq, personnage appr\u00e9ci\u00e9 de ses concitoyens, notamment pour son implication dans l\u2019enseignement public. La demeure b\u00e9n\u00e9ficie d\u2019une tr\u00e8s belle conciergerie de couleur rose situ\u00e9e le long de la rue.\u00a0<\/span><\/p>\n<p><span style=\"color: #800080;\">Marcq Castle, located in Jules Antheunis street, was built between the end of the eighteenth and the beginning of the nineteenth century. It belonged to the Marcq family, whose several members were mayors of the village. The castle was also the childhood residence of Father Jean-Pierre Marcq, an appreciated figure among his fellow citizens, particularly for his commitment in state education. The building also enjoys a very nice pink-coloured caretaker&rsquo;s lodge located along the street.\u00a0<\/span><\/p>\n<p><span style=\"color: #008000;\">Het Marcq kasteel, gelegen in de Jules Antheunisstraat, werd op het einde van de achttiende en het begin van de negentiende eeuw gebouwd. Het behoorde tot de familie Marcq waarvan verschillende leden burgemeesters van het dorp waren. Het kasteel werd ook de kinderplaats van de abt Jean-Pierre Marcq, een gewaardeerde figuur onder zijn landgenoten, vooral voor zijn inzet in het openbaar onderwijs. De woning geniet ook van een zeer mooi roos conci\u00ebrgehuis, dat langs de straat ligt.\u00a0<\/span><\/p>\n<p><span style=\"color: #800000;\">Das in der rue Jules Antheunis gelegene Schloss Marcq wurde Ende des 18., eingangs des 19.\u00a0Jahrhunderts errichtet. Es befand sich im Besitz der Familie Marcq, der mehrere B\u00fcrgermeister des Dorfes entstammten. Bis zu seiner Ordensaufnahme wuchs in diesem Schloss auch Abt Jean-Pierre Marcq auf, eine Pers\u00f6nlichkeit, die von ihren Mitb\u00fcrgern besonders f\u00fcr ihren Einsatz f\u00fcr das \u00f6ffentliche Bildungswesen gesch\u00e4tzt wurde. An der Zufahrt zum Anwesen befindet sich auch ein sehr sch\u00f6nes, in Rosa gehaltenes Pf\u00f6rtnerhaus.<\/span><\/p>\n<p><a href=\"http:\/\/www.confrerie-saint-symphorien.be\"><img loading=\"lazy\" decoding=\"async\" class=\"aligncenter wp-image-50 size-thumbnail\" src=\"http:\/\/www.confrerie-saint-symphorien.be\/wp-content\/uploads\/2017\/10\/Logo-1-150x150.png\" alt=\"\" width=\"150\" height=\"150\" srcset=\"http:\/\/www.confrerie-saint-symphorien.be\/wp-content\/uploads\/2017\/10\/Logo-1-150x150.png 150w, http:\/\/www.confrerie-saint-symphorien.be\/wp-content\/uploads\/2017\/10\/Logo-1-480x480.png 480w, http:\/\/www.confrerie-saint-symphorien.be\/wp-content\/uploads\/2017\/10\/Logo-1-250x250.png 250w, http:\/\/www.confrerie-saint-symphorien.be\/wp-content\/uploads\/2017\/10\/Logo-1-174x174.png 174w\" sizes=\"auto, (max-width: 150px) 100vw, 150px\" \/><\/a><\/p>\n","protected":false},"excerpt":{"rendered":"<p>Le ch\u00e2teau Marcq, situ\u00e9 dans la rue Jules Antheunis, fut construit fin du XVIIIe, d\u00e9but du XIXe\u00a0si\u00e8cle. Il appartenait \u00e0 la famille Marcq, dont plusieurs membres furent bourgmestres du village. Le ch\u00e2teau fut aussi la r\u00e9sidence d\u2019enfance de l\u2019abb\u00e9 Jean-Pierre Marcq, personnage appr\u00e9ci\u00e9 de ses concitoyens, notamment pour son implication dans l\u2019enseignement public. La demeure &hellip; <\/p>\n<p class=\"link-more\"><a href=\"http:\/\/www.confrerie-saint-symphorien.be\/?page_id=323\" class=\"more-link\">Continuer la lecture<span class=\"screen-reader-text\"> de &laquo;&nbsp;Parcours 12: Le Chateau Marcq&nbsp;&raquo;<\/span><\/a><\/p>\n","protected":false},"author":1,"featured_media":0,"parent":140,"menu_order":0,"comment_status":"closed","ping_status":"closed","template":"","meta":{"_exactmetrics_skip_tracking":false,"_exactmetrics_sitenote_active":false,"_exactmetrics_sitenote_note":"","_exactmetrics_sitenote_category":0,"ngg_post_thumbnail":0,"footnotes":""},"class_list":["post-323","page","type-page","status-publish","hentry"],"_links":{"self":[{"href":"http:\/\/www.confrerie-saint-symphorien.be\/index.php?rest_route=\/wp\/v2\/pages\/323","targetHints":{"allow":["GET"]}}],"collection":[{"href":"http:\/\/www.confrerie-saint-symphorien.be\/index.php?rest_route=\/wp\/v2\/pages"}],"about":[{"href":"http:\/\/www.confrerie-saint-symphorien.be\/index.php?rest_route=\/wp\/v2\/types\/page"}],"author":[{"embeddable":true,"href":"http:\/\/www.confrerie-saint-symphorien.be\/index.php?rest_route=\/wp\/v2\/users\/1"}],"replies":[{"embeddable":true,"href":"http:\/\/www.confrerie-saint-symphorien.be\/index.php?rest_route=%2Fwp%2Fv2%2Fcomments&post=323"}],"version-history":[{"count":3,"href":"http:\/\/www.confrerie-saint-symphorien.be\/index.php?rest_route=\/wp\/v2\/pages\/323\/revisions"}],"predecessor-version":[{"id":391,"href":"http:\/\/www.confrerie-saint-symphorien.be\/index.php?rest_route=\/wp\/v2\/pages\/323\/revisions\/391"}],"up":[{"embeddable":true,"href":"http:\/\/www.confrerie-saint-symphorien.be\/index.php?rest_route=\/wp\/v2\/pages\/140"}],"wp:attachment":[{"href":"http:\/\/www.confrerie-saint-symphorien.be\/index.php?rest_route=%2Fwp%2Fv2%2Fmedia&parent=323"}],"curies":[{"name":"wp","href":"https:\/\/api.w.org\/{rel}","templated":true}]}}