{"id":325,"date":"2017-12-03T01:20:18","date_gmt":"2017-12-03T00:20:18","guid":{"rendered":"http:\/\/www.confrerie-saint-symphorien.be\/?page_id=325"},"modified":"2017-12-04T00:46:11","modified_gmt":"2017-12-03T23:46:11","slug":"parcours-13-lieu-datterrissage-du-bombardier-b17","status":"publish","type":"page","link":"http:\/\/www.confrerie-saint-symphorien.be\/?page_id=325","title":{"rendered":"Parcours 13: Lieu d&rsquo;atterrissage du bombardier B17"},"content":{"rendered":"<p><span style=\"color: #008080;\"><a href=\"http:\/\/www.confrerie-saint-symphorien.be\/wp-content\/uploads\/2017\/12\/13-bombardier.png\"><img loading=\"lazy\" decoding=\"async\" class=\"aligncenter size-large wp-image-393\" src=\"http:\/\/www.confrerie-saint-symphorien.be\/wp-content\/uploads\/2017\/12\/13-bombardier-1024x359.png\" alt=\"\" width=\"525\" height=\"184\" srcset=\"http:\/\/www.confrerie-saint-symphorien.be\/wp-content\/uploads\/2017\/12\/13-bombardier-1024x359.png 1024w, http:\/\/www.confrerie-saint-symphorien.be\/wp-content\/uploads\/2017\/12\/13-bombardier-300x105.png 300w, http:\/\/www.confrerie-saint-symphorien.be\/wp-content\/uploads\/2017\/12\/13-bombardier-768x269.png 768w\" sizes=\"auto, (max-width: 525px) 100vw, 525px\" \/><\/a>Durant la Seconde Guerre mondiale, le 4\u00a0mars\u00a01944, un bombardier am\u00e9ricain de type B-17G du 95<sup>e<\/sup>\u00a0Bomb Group, qui venait d\u2019effectuer le premier bombardement de jour sur Berlin, s\u2019\u00e9crasa dans un champ entre les chemins d\u2019Havr\u00e9 et des Tuilleries. Cet appareil pilot\u00e9 par les lieutenants Rodney P.\u00a0Rhoem et David F.\u00a0Wolter fut touch\u00e9 par les tirs de la DCA et l\u2019aviation ennemie. Lors de ce triste \u00e9pisode, le sergent John P.\u00a0Wesp perdit la vie. Abandonn\u00e9 par son \u00e9quipage au-dessus de la France, \u00ab\u00a0l\u2019avion fant\u00f4me\u00a0\u00bb continua de voler sans pilote, avant d\u2019atterrir sur le ventre \u00e0 l\u2019ext\u00e9rieur du village.<\/span><\/p>\n<p><span style=\"color: #800080;\">During the Second World War, an American bomber B-17G from the 95th Bomb Group crashed in a field between the &lsquo;Havr\u00e9path&rsquo; and the &lsquo;Tuileriespath&rsquo; on the 4th of March 1944. It had just carried out the first day bombing on Berlin. This bomber, flown by Lieutenants Rodney P. Rhoem et David F. Wolter,\u00a0 was hit by the firing of the DCA and the enemy fleet. During this sad moment, Sergeant P. Wesp was killed. Left by its crew above France, the \u00ab\u00a0ghost plane\u00a0\u00bb went on flying without any pilot before landing on its belly outside the village.<\/span><\/p>\n<p><span style=\"color: #008000;\">Tijdens de Tweede Wereldoorlog stortte een Amerikaanse bommenwerper van het type B-17G van de 95de Bomb Group neer\u00a0 op 4 maart 1944 in een veld tussen de &lsquo;Havr\u00e9pad&rsquo; en de &lsquo;Tuileriespad&rsquo;. Hij had net het eerste dagbombardement op Berlijn uitgevoerd. Deze bommenwerper, bestuurd door de Luitenanten Rodney P. Rhoem et David F. Wolter, werd getroffen door de schoten van de DCA en de vijandelijke luchtvaart. Tijdens deze treurige gebeurtenis verloor Sergeant P. Wesp het leven. In de steek gelaten door zijn bemanning boven Frankrijk, ging het \u00ab\u00a0spookvliegtuig\u00a0\u00bb door te vliegen zonder piloot, alvorens te landen op zijn buik buiten het dorp.\u00a0<\/span><\/p>\n<p><span style=\"color: #800000;\">Im Zweiten Weltkrieg st\u00fcrzte am 4.\u00a0M\u00e4rz 1944 ein schwerer Bomber vom Typ B-17G des 95.\u00a0Bombergeschwaders der US Air Force auf der R\u00fcckkehr vom der ersten Bombardierung Berlins bei Tageslicht auf einem Feld zwischen dem Chemin d\u2019Havr\u00e9 und dem Chemin des Tuilleries ab. Die von Leutnant Rodney P. Rhoem und Leutnant David F. Wolter gesteuerte Maschine war von Flugabwehrgesch\u00fctzen und feindlichen J\u00e4gern getroffen worden. Bei diesem tragischen Vorfall fand Unteroffizier John P. Wesp den Tod. Das von seiner Besatzung \u00fcber Frankreich aufgegebene \u201eGeisterflugzeug\u201c setzte seinen Flug f\u00fchrerlos fort, bis es au\u00dferhalb des Dorfes eine Bauchlandung vollzog.<\/span><\/p>\n<p><a href=\"http:\/\/www.confrerie-saint-symphorien.be\"><img loading=\"lazy\" decoding=\"async\" class=\"aligncenter size-thumbnail wp-image-50\" src=\"http:\/\/www.confrerie-saint-symphorien.be\/wp-content\/uploads\/2017\/10\/Logo-1-150x150.png\" alt=\"\" width=\"150\" height=\"150\" srcset=\"http:\/\/www.confrerie-saint-symphorien.be\/wp-content\/uploads\/2017\/10\/Logo-1-150x150.png 150w, http:\/\/www.confrerie-saint-symphorien.be\/wp-content\/uploads\/2017\/10\/Logo-1-480x480.png 480w, http:\/\/www.confrerie-saint-symphorien.be\/wp-content\/uploads\/2017\/10\/Logo-1-250x250.png 250w, http:\/\/www.confrerie-saint-symphorien.be\/wp-content\/uploads\/2017\/10\/Logo-1-174x174.png 174w\" sizes=\"auto, (max-width: 150px) 100vw, 150px\" \/><\/a><\/p>\n","protected":false},"excerpt":{"rendered":"<p>Durant la Seconde Guerre mondiale, le 4\u00a0mars\u00a01944, un bombardier am\u00e9ricain de type B-17G du 95e\u00a0Bomb Group, qui venait d\u2019effectuer le premier bombardement de jour sur Berlin, s\u2019\u00e9crasa dans un champ entre les chemins d\u2019Havr\u00e9 et des Tuilleries. Cet appareil pilot\u00e9 par les lieutenants Rodney P.\u00a0Rhoem et David F.\u00a0Wolter fut touch\u00e9 par les tirs de la &hellip; <\/p>\n<p class=\"link-more\"><a href=\"http:\/\/www.confrerie-saint-symphorien.be\/?page_id=325\" class=\"more-link\">Continuer la lecture<span class=\"screen-reader-text\"> de &laquo;&nbsp;Parcours 13: Lieu d&rsquo;atterrissage du bombardier B17&nbsp;&raquo;<\/span><\/a><\/p>\n","protected":false},"author":1,"featured_media":0,"parent":140,"menu_order":0,"comment_status":"closed","ping_status":"closed","template":"","meta":{"_exactmetrics_skip_tracking":false,"_exactmetrics_sitenote_active":false,"_exactmetrics_sitenote_note":"","_exactmetrics_sitenote_category":0,"ngg_post_thumbnail":0,"footnotes":""},"class_list":["post-325","page","type-page","status-publish","hentry"],"_links":{"self":[{"href":"http:\/\/www.confrerie-saint-symphorien.be\/index.php?rest_route=\/wp\/v2\/pages\/325","targetHints":{"allow":["GET"]}}],"collection":[{"href":"http:\/\/www.confrerie-saint-symphorien.be\/index.php?rest_route=\/wp\/v2\/pages"}],"about":[{"href":"http:\/\/www.confrerie-saint-symphorien.be\/index.php?rest_route=\/wp\/v2\/types\/page"}],"author":[{"embeddable":true,"href":"http:\/\/www.confrerie-saint-symphorien.be\/index.php?rest_route=\/wp\/v2\/users\/1"}],"replies":[{"embeddable":true,"href":"http:\/\/www.confrerie-saint-symphorien.be\/index.php?rest_route=%2Fwp%2Fv2%2Fcomments&post=325"}],"version-history":[{"count":3,"href":"http:\/\/www.confrerie-saint-symphorien.be\/index.php?rest_route=\/wp\/v2\/pages\/325\/revisions"}],"predecessor-version":[{"id":394,"href":"http:\/\/www.confrerie-saint-symphorien.be\/index.php?rest_route=\/wp\/v2\/pages\/325\/revisions\/394"}],"up":[{"embeddable":true,"href":"http:\/\/www.confrerie-saint-symphorien.be\/index.php?rest_route=\/wp\/v2\/pages\/140"}],"wp:attachment":[{"href":"http:\/\/www.confrerie-saint-symphorien.be\/index.php?rest_route=%2Fwp%2Fv2%2Fmedia&parent=325"}],"curies":[{"name":"wp","href":"https:\/\/api.w.org\/{rel}","templated":true}]}}