{"id":327,"date":"2017-12-03T01:20:52","date_gmt":"2017-12-03T00:20:52","guid":{"rendered":"http:\/\/www.confrerie-saint-symphorien.be\/?page_id=327"},"modified":"2017-12-04T00:16:19","modified_gmt":"2017-12-03T23:16:19","slug":"parcours-14-le-monument-aux-morts","status":"publish","type":"page","link":"http:\/\/www.confrerie-saint-symphorien.be\/?page_id=327","title":{"rendered":"Parcours 14: Le Monument aux Morts"},"content":{"rendered":"<p><span style=\"color: #008080;\"><a href=\"http:\/\/www.confrerie-saint-symphorien.be\/wp-content\/uploads\/2017\/12\/14-monument-aux-morts.png\"><img loading=\"lazy\" decoding=\"async\" class=\"aligncenter size-medium wp-image-372\" src=\"http:\/\/www.confrerie-saint-symphorien.be\/wp-content\/uploads\/2017\/12\/14-monument-aux-morts-211x300.png\" alt=\"\" width=\"211\" height=\"300\" srcset=\"http:\/\/www.confrerie-saint-symphorien.be\/wp-content\/uploads\/2017\/12\/14-monument-aux-morts-211x300.png 211w, http:\/\/www.confrerie-saint-symphorien.be\/wp-content\/uploads\/2017\/12\/14-monument-aux-morts-768x1094.png 768w, http:\/\/www.confrerie-saint-symphorien.be\/wp-content\/uploads\/2017\/12\/14-monument-aux-morts-719x1024.png 719w, http:\/\/www.confrerie-saint-symphorien.be\/wp-content\/uploads\/2017\/12\/14-monument-aux-morts.png 1129w\" sizes=\"auto, (max-width: 211px) 100vw, 211px\" \/><\/a><a href=\"http:\/\/www.confrerie-saint-symphorien.be\/wp-content\/uploads\/2017\/12\/14-monument-aux-morts.png\"><br \/>\n<\/a>Le monument aux morts situ\u00e9 dans la rue Blancart fut \u00e9rig\u00e9 apr\u00e8s-guerre en m\u00e9moire des sept r\u00e9sistants d\u00e9c\u00e9d\u00e9s en 1944. Cesar Battistella, Achille Bauwens, Auguste Coubeaux, Vital Duquesne, Robert Li\u00e9nard, Germain Solon et Albert Woutquen p\u00e9rirent en d\u00e9pla\u00e7ant un camion allemand pi\u00e9g\u00e9, qui avait \u00e9t\u00e9 plac\u00e9 sur la route afin de ralentir la progression des Alli\u00e9s.<\/span><\/p>\n<p><span style=\"color: #800080;\">The War Memorial, located in Blancartstreet, was set up in the post-war period in memory of 7 members of the Resistance who died in 1944. Cesar Battistella, Achille Bauwens, Auguste Coubeaux, Vital Duquesne, Robert Li\u00e9nard, Germain Solon and Albert Woutquen were killed while they were moving a German trapped lorry which blocked the way in order to slow down the Allied spread.<\/span><\/p>\n<p><span style=\"color: #008000;\">Het herdenkingsmonument voor de doden, gelegen in de Blancartstraat, werd opgericht in de naoorlogse tijd ter nagedachtenis van 7 verzetsstrijders overleden in 1944. Cesar Battistella, Achille Bauwens, Auguste Coubeaux, Vital Duquesne, Robert Li\u00e9nard, Germain Solon en Albert Woutquen stierven terwijl ze een Duitse vrachtwagenbom verplaatsten die de weg blokkeerde om de voortgang van de geallieerden te vertragen.\u00a0<\/span><\/p>\n<p><span style=\"color: #800000;\">Das Kriegerdenkmal in der rue Blancart wurde in den Nachkriegsjahren zum Gedenken an die sieben im Jahre 1944 gefallenen Widerstandsk\u00e4mpfer Cesar Battistella, Achille Bauwens, Auguste Coubeaux, Vital Duquesne, Robert Li\u00e9nard, Germain Solon und Albert Woutquen errichtet, die im Jahre 1944 ihr Leben lie\u00dfen, als sie versuchten, einen als Sprengfalle pr\u00e4parierten deutschen Lkw von der Stra\u00dfe zu entfernen, der dort zur Verlangsamung des alliierten Vormarschs abgestellt worden war.<\/span><\/p>\n<p><a href=\"http:\/\/www.confrerie-saint-symphorien.be\"><img loading=\"lazy\" decoding=\"async\" class=\"aligncenter size-thumbnail wp-image-50\" src=\"http:\/\/www.confrerie-saint-symphorien.be\/wp-content\/uploads\/2017\/10\/Logo-1-150x150.png\" alt=\"\" width=\"150\" height=\"150\" srcset=\"http:\/\/www.confrerie-saint-symphorien.be\/wp-content\/uploads\/2017\/10\/Logo-1-150x150.png 150w, http:\/\/www.confrerie-saint-symphorien.be\/wp-content\/uploads\/2017\/10\/Logo-1-480x480.png 480w, http:\/\/www.confrerie-saint-symphorien.be\/wp-content\/uploads\/2017\/10\/Logo-1-250x250.png 250w, http:\/\/www.confrerie-saint-symphorien.be\/wp-content\/uploads\/2017\/10\/Logo-1-174x174.png 174w\" sizes=\"auto, (max-width: 150px) 100vw, 150px\" \/><\/a><\/p>\n","protected":false},"excerpt":{"rendered":"<p>Le monument aux morts situ\u00e9 dans la rue Blancart fut \u00e9rig\u00e9 apr\u00e8s-guerre en m\u00e9moire des sept r\u00e9sistants d\u00e9c\u00e9d\u00e9s en 1944. Cesar Battistella, Achille Bauwens, Auguste Coubeaux, Vital Duquesne, Robert Li\u00e9nard, Germain Solon et Albert Woutquen p\u00e9rirent en d\u00e9pla\u00e7ant un camion allemand pi\u00e9g\u00e9, qui avait \u00e9t\u00e9 plac\u00e9 sur la route afin de ralentir la progression des &hellip; <\/p>\n<p class=\"link-more\"><a href=\"http:\/\/www.confrerie-saint-symphorien.be\/?page_id=327\" class=\"more-link\">Continuer la lecture<span class=\"screen-reader-text\"> de &laquo;&nbsp;Parcours 14: Le Monument aux Morts&nbsp;&raquo;<\/span><\/a><\/p>\n","protected":false},"author":1,"featured_media":0,"parent":140,"menu_order":0,"comment_status":"closed","ping_status":"closed","template":"","meta":{"_exactmetrics_skip_tracking":false,"_exactmetrics_sitenote_active":false,"_exactmetrics_sitenote_note":"","_exactmetrics_sitenote_category":0,"ngg_post_thumbnail":0,"footnotes":""},"class_list":["post-327","page","type-page","status-publish","hentry"],"_links":{"self":[{"href":"http:\/\/www.confrerie-saint-symphorien.be\/index.php?rest_route=\/wp\/v2\/pages\/327","targetHints":{"allow":["GET"]}}],"collection":[{"href":"http:\/\/www.confrerie-saint-symphorien.be\/index.php?rest_route=\/wp\/v2\/pages"}],"about":[{"href":"http:\/\/www.confrerie-saint-symphorien.be\/index.php?rest_route=\/wp\/v2\/types\/page"}],"author":[{"embeddable":true,"href":"http:\/\/www.confrerie-saint-symphorien.be\/index.php?rest_route=\/wp\/v2\/users\/1"}],"replies":[{"embeddable":true,"href":"http:\/\/www.confrerie-saint-symphorien.be\/index.php?rest_route=%2Fwp%2Fv2%2Fcomments&post=327"}],"version-history":[{"count":3,"href":"http:\/\/www.confrerie-saint-symphorien.be\/index.php?rest_route=\/wp\/v2\/pages\/327\/revisions"}],"predecessor-version":[{"id":373,"href":"http:\/\/www.confrerie-saint-symphorien.be\/index.php?rest_route=\/wp\/v2\/pages\/327\/revisions\/373"}],"up":[{"embeddable":true,"href":"http:\/\/www.confrerie-saint-symphorien.be\/index.php?rest_route=\/wp\/v2\/pages\/140"}],"wp:attachment":[{"href":"http:\/\/www.confrerie-saint-symphorien.be\/index.php?rest_route=%2Fwp%2Fv2%2Fmedia&parent=327"}],"curies":[{"name":"wp","href":"https:\/\/api.w.org\/{rel}","templated":true}]}}