{"id":330,"date":"2017-12-03T01:21:15","date_gmt":"2017-12-03T00:21:15","guid":{"rendered":"http:\/\/www.confrerie-saint-symphorien.be\/?page_id=330"},"modified":"2017-12-04T00:49:04","modified_gmt":"2017-12-03T23:49:04","slug":"parcours-15-le-moulin-a-vent","status":"publish","type":"page","link":"http:\/\/www.confrerie-saint-symphorien.be\/?page_id=330","title":{"rendered":"Parcours 15: Le Moulin \u00e0 Vent"},"content":{"rendered":"<p><span style=\"color: #008080;\"><a href=\"http:\/\/www.confrerie-saint-symphorien.be\/wp-content\/uploads\/2017\/12\/15-moulin-vent.png\"><img loading=\"lazy\" decoding=\"async\" class=\"aligncenter wp-image-396 size-medium\" src=\"http:\/\/www.confrerie-saint-symphorien.be\/wp-content\/uploads\/2017\/12\/15-moulin-vent-222x300.png\" alt=\"\" width=\"222\" height=\"300\" srcset=\"http:\/\/www.confrerie-saint-symphorien.be\/wp-content\/uploads\/2017\/12\/15-moulin-vent-222x300.png 222w, http:\/\/www.confrerie-saint-symphorien.be\/wp-content\/uploads\/2017\/12\/15-moulin-vent-768x1038.png 768w, http:\/\/www.confrerie-saint-symphorien.be\/wp-content\/uploads\/2017\/12\/15-moulin-vent-757x1024.png 757w, http:\/\/www.confrerie-saint-symphorien.be\/wp-content\/uploads\/2017\/12\/15-moulin-vent.png 912w\" sizes=\"auto, (max-width: 222px) 100vw, 222px\" \/><\/a>Le moulin \u00e0 vent fut implant\u00e9 sur le territoire de Saint-Symphorien et, malheureusement, d\u00e9truit apr\u00e8s la derni\u00e8re guerre mondiale pour faire place \u00e0 de nouvelles constructions. Ce moulin fut \u00e9difi\u00e9 au XVIII<sup>e\u00a0<\/sup>si\u00e8cle sur un terrain appartenant \u00e0 l\u2019Ordre de Malte. D\u2019apr\u00e8s d\u2019anciens documents, en 1767, le meunier Vandermal, originaire de Thieusies, a re\u00e7u l\u2019autorisation de construire son moulin dans le cadre d\u2019un bail emphyt\u00e9otique de 99\u00a0ans.<\/span><\/p>\n<p><span style=\"color: #800080;\">The windmill was established on the territory of Saint-Symphorien and unfortunately destroyed after the second World War to make space for new buildings. That mill was built in the eighteenth century on a land belonging to the Order of Malta. According to ancient documents, the miller Vandermal (native of Thieusies) was permitted in 1767 to build his mill as part of emphyteutic lease of 99 years.<\/span><\/p>\n<p><span style=\"color: #008000;\">De windmolen werd gevestigd op het gebied van Saint-Symphorien en helaas vernietigd na de tweede Wereldoorlog om plaats te maken voor nieuwe gebouwen. Die molen werd opgebouwd in de achttiende eeuw op het terrein behorend tot de Orde van Malta. Volgens oude documenten verkreeg de molenaar Vandermal (afkomstig uit Thieusies) goedkeuring in 1767 voor het bouwen van zijn molen in het kader van een erfpachtcontract van 99 jaren.\u00a0<\/span><\/p>\n<p><span style=\"color: #800000;\">In Saint-Symphorien stand einst eine Windm\u00fchle, die bedauerlicherweise nach den letzten Weltkrieg einem Bauvorhaben weichen musste. Die M\u00fchle war im 18.\u00a0Jahrhundert auf einem Gel\u00e4nde errichtet worden, das sich im Besitz des Malteserordens befand. Urkunden aus jener Zeit zufolge erhielt im Jahre 1767 ein aus Thieusies stammender M\u00fcller namens Vandermal die Genehmigung zum Bau seiner M\u00fchle im Rahmen eines 99-j\u00e4hrigen Erbpachtvertrags.<\/span><\/p>\n<p><a href=\"http:\/\/www.confrerie-saint-symphorien.be\"><img loading=\"lazy\" decoding=\"async\" class=\"aligncenter size-thumbnail wp-image-50\" src=\"http:\/\/www.confrerie-saint-symphorien.be\/wp-content\/uploads\/2017\/10\/Logo-1-150x150.png\" alt=\"\" width=\"150\" height=\"150\" srcset=\"http:\/\/www.confrerie-saint-symphorien.be\/wp-content\/uploads\/2017\/10\/Logo-1-150x150.png 150w, http:\/\/www.confrerie-saint-symphorien.be\/wp-content\/uploads\/2017\/10\/Logo-1-480x480.png 480w, http:\/\/www.confrerie-saint-symphorien.be\/wp-content\/uploads\/2017\/10\/Logo-1-250x250.png 250w, http:\/\/www.confrerie-saint-symphorien.be\/wp-content\/uploads\/2017\/10\/Logo-1-174x174.png 174w\" sizes=\"auto, (max-width: 150px) 100vw, 150px\" \/><\/a><\/p>\n","protected":false},"excerpt":{"rendered":"<p>Le moulin \u00e0 vent fut implant\u00e9 sur le territoire de Saint-Symphorien et, malheureusement, d\u00e9truit apr\u00e8s la derni\u00e8re guerre mondiale pour faire place \u00e0 de nouvelles constructions. Ce moulin fut \u00e9difi\u00e9 au XVIIIe\u00a0si\u00e8cle sur un terrain appartenant \u00e0 l\u2019Ordre de Malte. D\u2019apr\u00e8s d\u2019anciens documents, en 1767, le meunier Vandermal, originaire de Thieusies, a re\u00e7u l\u2019autorisation de &hellip; <\/p>\n<p class=\"link-more\"><a href=\"http:\/\/www.confrerie-saint-symphorien.be\/?page_id=330\" class=\"more-link\">Continuer la lecture<span class=\"screen-reader-text\"> de &laquo;&nbsp;Parcours 15: Le Moulin \u00e0 Vent&nbsp;&raquo;<\/span><\/a><\/p>\n","protected":false},"author":1,"featured_media":0,"parent":140,"menu_order":0,"comment_status":"closed","ping_status":"closed","template":"","meta":{"_exactmetrics_skip_tracking":false,"_exactmetrics_sitenote_active":false,"_exactmetrics_sitenote_note":"","_exactmetrics_sitenote_category":0,"ngg_post_thumbnail":0,"footnotes":""},"class_list":["post-330","page","type-page","status-publish","hentry"],"_links":{"self":[{"href":"http:\/\/www.confrerie-saint-symphorien.be\/index.php?rest_route=\/wp\/v2\/pages\/330","targetHints":{"allow":["GET"]}}],"collection":[{"href":"http:\/\/www.confrerie-saint-symphorien.be\/index.php?rest_route=\/wp\/v2\/pages"}],"about":[{"href":"http:\/\/www.confrerie-saint-symphorien.be\/index.php?rest_route=\/wp\/v2\/types\/page"}],"author":[{"embeddable":true,"href":"http:\/\/www.confrerie-saint-symphorien.be\/index.php?rest_route=\/wp\/v2\/users\/1"}],"replies":[{"embeddable":true,"href":"http:\/\/www.confrerie-saint-symphorien.be\/index.php?rest_route=%2Fwp%2Fv2%2Fcomments&post=330"}],"version-history":[{"count":3,"href":"http:\/\/www.confrerie-saint-symphorien.be\/index.php?rest_route=\/wp\/v2\/pages\/330\/revisions"}],"predecessor-version":[{"id":397,"href":"http:\/\/www.confrerie-saint-symphorien.be\/index.php?rest_route=\/wp\/v2\/pages\/330\/revisions\/397"}],"up":[{"embeddable":true,"href":"http:\/\/www.confrerie-saint-symphorien.be\/index.php?rest_route=\/wp\/v2\/pages\/140"}],"wp:attachment":[{"href":"http:\/\/www.confrerie-saint-symphorien.be\/index.php?rest_route=%2Fwp%2Fv2%2Fmedia&parent=330"}],"curies":[{"name":"wp","href":"https:\/\/api.w.org\/{rel}","templated":true}]}}