{"id":3359,"date":"2022-01-11T11:16:22","date_gmt":"2022-01-11T10:16:22","guid":{"rendered":"http:\/\/www.confrerie-saint-symphorien.be\/?page_id=3359"},"modified":"2022-01-11T11:16:22","modified_gmt":"2022-01-11T10:16:22","slug":"chroniques-anciennes","status":"publish","type":"page","link":"http:\/\/www.confrerie-saint-symphorien.be\/?page_id=3359","title":{"rendered":"Chroniques Anciennes"},"content":{"rendered":"\n<p><a href=\"http:\/\/www.confrerie-saint-symphorien.be\/?p=3051\">Les st\u00e8les du cimeti\u00e8re de l\u2019\u00e9glise<\/a><\/p>\n\n\n\n<p><a href=\"http:\/\/www.confrerie-saint-symphorien.be\/?p=3044\">Les cartes postales de grand-m\u00e8re<\/a><\/p>\n\n\n\n<p><a href=\"http:\/\/www.confrerie-saint-symphorien.be\/?p=3039\">Les anciens transports<\/a><\/p>\n\n\n\n<p><a href=\"http:\/\/www.confrerie-saint-symphorien.be\/?p=3036\">Chroniques de la vie (et de la mort) au village durant le XIX\u00e8me si\u00e8cle<\/a><\/p>\n","protected":false},"excerpt":{"rendered":"<p>Les st\u00e8les du cimeti\u00e8re de l\u2019\u00e9glise Les cartes postales de grand-m\u00e8re Les anciens transports Chroniques de la vie (et de la mort) au village durant le XIX\u00e8me si\u00e8cle<\/p>\n","protected":false},"author":1,"featured_media":0,"parent":3314,"menu_order":6,"comment_status":"closed","ping_status":"closed","template":"","meta":{"_exactmetrics_skip_tracking":false,"_exactmetrics_sitenote_active":false,"_exactmetrics_sitenote_note":"","_exactmetrics_sitenote_category":0,"ngg_post_thumbnail":0,"footnotes":""},"class_list":["post-3359","page","type-page","status-publish","hentry"],"_links":{"self":[{"href":"http:\/\/www.confrerie-saint-symphorien.be\/index.php?rest_route=\/wp\/v2\/pages\/3359","targetHints":{"allow":["GET"]}}],"collection":[{"href":"http:\/\/www.confrerie-saint-symphorien.be\/index.php?rest_route=\/wp\/v2\/pages"}],"about":[{"href":"http:\/\/www.confrerie-saint-symphorien.be\/index.php?rest_route=\/wp\/v2\/types\/page"}],"author":[{"embeddable":true,"href":"http:\/\/www.confrerie-saint-symphorien.be\/index.php?rest_route=\/wp\/v2\/users\/1"}],"replies":[{"embeddable":true,"href":"http:\/\/www.confrerie-saint-symphorien.be\/index.php?rest_route=%2Fwp%2Fv2%2Fcomments&post=3359"}],"version-history":[{"count":1,"href":"http:\/\/www.confrerie-saint-symphorien.be\/index.php?rest_route=\/wp\/v2\/pages\/3359\/revisions"}],"predecessor-version":[{"id":3360,"href":"http:\/\/www.confrerie-saint-symphorien.be\/index.php?rest_route=\/wp\/v2\/pages\/3359\/revisions\/3360"}],"up":[{"embeddable":true,"href":"http:\/\/www.confrerie-saint-symphorien.be\/index.php?rest_route=\/wp\/v2\/pages\/3314"}],"wp:attachment":[{"href":"http:\/\/www.confrerie-saint-symphorien.be\/index.php?rest_route=%2Fwp%2Fv2%2Fmedia&parent=3359"}],"curies":[{"name":"wp","href":"https:\/\/api.w.org\/{rel}","templated":true}]}}