{"id":3366,"date":"2022-01-13T19:35:34","date_gmt":"2022-01-13T18:35:34","guid":{"rendered":"http:\/\/www.confrerie-saint-symphorien.be\/?page_id=3366"},"modified":"2022-01-13T19:51:55","modified_gmt":"2022-01-13T18:51:55","slug":"patrimoine","status":"publish","type":"page","link":"http:\/\/www.confrerie-saint-symphorien.be\/?page_id=3366","title":{"rendered":"Patrimoine"},"content":{"rendered":"\n<p><a href=\"http:\/\/www.confrerie-saint-symphorien.be\/?p=2685\">Balade culturelle<\/a><\/p>\n\n\n\n<p><a href=\"http:\/\/www.confrerie-saint-symphorien.be\/?p=2683\">Le patrimoine architectural et culturel du village<\/a><\/p>\n\n\n\n<p><a href=\"http:\/\/www.confrerie-saint-symphorien.be\/?p=2710\">Les chemins vicinaux.<\/a><\/p>\n\n\n\n<p><a href=\"http:\/\/www.confrerie-saint-symphorien.be\/?p=3022\">Une st\u00e8le adoss\u00e9e \u00e0 la chapelle t\u00e9moigne d\u2019une \u00e9pid\u00e9mie subs\u00e9quente vers 1616.<\/a><\/p>\n\n\n\n<p><a href=\"http:\/\/www.confrerie-saint-symphorien.be\/?p=3013\">La Chapelle St Antoine<\/a><\/p>\n\n\n\n<p><a href=\"http:\/\/www.confrerie-saint-symphorien.be\/?p=3004\">Musiques c\u00e9lestes.<\/a><\/p>\n\n\n\n<p><a href=\"http:\/\/www.confrerie-saint-symphorien.be\/?p=2993\">Objets du culte.<\/a><\/p>\n\n\n\n<p><a href=\"http:\/\/www.confrerie-saint-symphorien.be\/?p=2981\">La ch\u00e2sse en d\u00e9tails.<\/a><\/p>\n\n\n\n<p><a href=\"http:\/\/www.confrerie-saint-symphorien.be\/?p=2959\">L\u2019Eglise et son Tr\u00e9sor.<\/a><\/p>\n\n\n\n<p><a href=\"http:\/\/www.confrerie-saint-symphorien.be\/?p=2906\">Images d\u2019un pass\u00e9 simple.<\/a><\/p>\n\n\n\n<p><strong>I<\/strong><a href=\"http:\/\/www.confrerie-saint-symphorien.be\/?p=2929\">mages du pass\u00e9 (suite).<\/a><\/p>\n\n\n\n<p><a href=\"http:\/\/www.confrerie-saint-symphorien.be\/?p=2955\">Images du pass\u00e9 (fin).<\/a><\/p>\n\n\n\n<p><a href=\"http:\/\/www.confrerie-saint-symphorien.be\/?p=2892\">Un cousin abandonn\u00e9.<\/a><\/p>\n\n\n\n<p><a href=\"http:\/\/www.confrerie-saint-symphorien.be\/?p=2878\">L\u2019ordre de Malte<\/a><\/p>\n\n\n\n<p><a href=\"http:\/\/www.confrerie-saint-symphorien.be\/?p=2872\">La bataille de 1572.<\/a><\/p>\n\n\n\n<p><a href=\"http:\/\/www.confrerie-saint-symphorien.be\/?p=2857\">La ferme gallo-romaine.<\/a><\/p>\n\n\n\n<p><a href=\"http:\/\/www.confrerie-saint-symphorien.be\/?p=2850\">Au XV\u00e8me si\u00e8cle.<\/a><\/p>\n\n\n\n<p><a href=\"http:\/\/www.confrerie-saint-symphorien.be\/?p=2835\">Le Grand Tour.<\/a><\/p>\n\n\n\n<p><a href=\"http:\/\/www.confrerie-saint-symphorien.be\/?p=2826\">La place Saint-Jean.<\/a><\/p>\n\n\n\n<p><a href=\"http:\/\/www.confrerie-saint-symphorien.be\/?p=2818\">Fait baron par Louis XV.<\/a><\/p>\n\n\n\n<p><a href=\"http:\/\/www.confrerie-saint-symphorien.be\/?p=2792\">Distillerie clandestine.<\/a><\/p>\n\n\n\n<p><a href=\"http:\/\/www.confrerie-saint-symphorien.be\/?p=2778\">Le m\u00e9galithe du village.<\/a><\/p>\n\n\n\n<p><a href=\"http:\/\/www.confrerie-saint-symphorien.be\/?p=2768\">Le chemin de Cantraine.<\/a><\/p>\n\n\n\n<p><a href=\"http:\/\/www.confrerie-saint-symphorien.be\/?p=2754\">Patrimoine en p\u00e9ril.<\/a><\/p>\n\n\n\n<p><a href=\"http:\/\/www.confrerie-saint-symphorien.be\/?p=2748\">La carte de Ferraris.<\/a><\/p>\n\n\n\n<p><a href=\"http:\/\/www.confrerie-saint-symphorien.be\/?p=2742\">D\u2019un cimeti\u00e8re \u00e0 l\u2019autre.<\/a><\/p>\n\n\n\n<p><a href=\"http:\/\/www.confrerie-saint-symphorien.be\/?p=2729\">Un blason pour le village<\/a><\/p>\n\n\n\n<p><a href=\"http:\/\/www.confrerie-saint-symphorien.be\/?p=2721\">Le moulin \u00e0 vent.<\/a><\/p>\n","protected":false},"excerpt":{"rendered":"<p>Balade culturelle Le patrimoine architectural et culturel du village Les chemins vicinaux. Une st\u00e8le adoss\u00e9e \u00e0 la chapelle t\u00e9moigne d\u2019une \u00e9pid\u00e9mie subs\u00e9quente vers 1616. La Chapelle St Antoine Musiques c\u00e9lestes. Objets du culte. La ch\u00e2sse en d\u00e9tails. L\u2019Eglise et son Tr\u00e9sor. Images d\u2019un pass\u00e9 simple. Images du pass\u00e9 (suite). Images du pass\u00e9 (fin). Un cousin &hellip; <\/p>\n<p class=\"link-more\"><a href=\"http:\/\/www.confrerie-saint-symphorien.be\/?page_id=3366\" class=\"more-link\">Continuer la lecture<span class=\"screen-reader-text\"> de &laquo;&nbsp;Patrimoine&nbsp;&raquo;<\/span><\/a><\/p>\n","protected":false},"author":1,"featured_media":0,"parent":3314,"menu_order":4,"comment_status":"closed","ping_status":"closed","template":"","meta":{"_exactmetrics_skip_tracking":false,"_exactmetrics_sitenote_active":false,"_exactmetrics_sitenote_note":"","_exactmetrics_sitenote_category":0,"ngg_post_thumbnail":0,"footnotes":""},"class_list":["post-3366","page","type-page","status-publish","hentry"],"_links":{"self":[{"href":"http:\/\/www.confrerie-saint-symphorien.be\/index.php?rest_route=\/wp\/v2\/pages\/3366","targetHints":{"allow":["GET"]}}],"collection":[{"href":"http:\/\/www.confrerie-saint-symphorien.be\/index.php?rest_route=\/wp\/v2\/pages"}],"about":[{"href":"http:\/\/www.confrerie-saint-symphorien.be\/index.php?rest_route=\/wp\/v2\/types\/page"}],"author":[{"embeddable":true,"href":"http:\/\/www.confrerie-saint-symphorien.be\/index.php?rest_route=\/wp\/v2\/users\/1"}],"replies":[{"embeddable":true,"href":"http:\/\/www.confrerie-saint-symphorien.be\/index.php?rest_route=%2Fwp%2Fv2%2Fcomments&post=3366"}],"version-history":[{"count":3,"href":"http:\/\/www.confrerie-saint-symphorien.be\/index.php?rest_route=\/wp\/v2\/pages\/3366\/revisions"}],"predecessor-version":[{"id":3374,"href":"http:\/\/www.confrerie-saint-symphorien.be\/index.php?rest_route=\/wp\/v2\/pages\/3366\/revisions\/3374"}],"up":[{"embeddable":true,"href":"http:\/\/www.confrerie-saint-symphorien.be\/index.php?rest_route=\/wp\/v2\/pages\/3314"}],"wp:attachment":[{"href":"http:\/\/www.confrerie-saint-symphorien.be\/index.php?rest_route=%2Fwp%2Fv2%2Fmedia&parent=3366"}],"curies":[{"name":"wp","href":"https:\/\/api.w.org\/{rel}","templated":true}]}}