{"id":3879,"date":"2023-03-29T17:30:34","date_gmt":"2023-03-29T15:30:34","guid":{"rendered":"http:\/\/www.confrerie-saint-symphorien.be\/?page_id=3879"},"modified":"2023-07-01T13:12:23","modified_gmt":"2023-07-01T11:12:23","slug":"archives-saint-symphorien","status":"publish","type":"page","link":"http:\/\/www.confrerie-saint-symphorien.be\/?page_id=3879","title":{"rendered":"Archives Saint-Symphorien"},"content":{"rendered":"\n<p>La Confr\u00e9rie vous propose de d\u00e9couvrir une s\u00e9rie de document recueillis par Vincent Ronquier lors de ses recherches sur l&rsquo;histoire du village de Saint-Symphorien.<\/p>\n\n\n\n<p>Si vous avez d&rsquo;autres \u00e9l\u00e9ments qui nous permettent d&rsquo;enrichir notre patrimoine, n&rsquo;h\u00e9sitez pas \u00e0 les partager avec nous ==> <a href=\"mailto:confrerie.saint.symphorien@gmail.com\">confrerie.saint.symphorien@gmail.com<\/a><\/p>\n\n\n\n<p><a href=\"http:\/\/www.confrerie-saint-symphorien.be\/?p=3887\">Collection iconographiques Abb\u00e9 Marcq<\/a><\/p>\n\n\n\n<p><a href=\"http:\/\/www.confrerie-saint-symphorien.be\/?p=3966\">Interview de l&rsquo;abb\u00e9 Marcq en 2006<\/a><\/p>\n\n\n\n<p><a href=\"http:\/\/www.confrerie-saint-symphorien.be\/?p=3971\">Archives personnelles de l&rsquo;abb\u00e9 Marcq sur le village<\/a><\/p>\n\n\n\n<p><a href=\"http:\/\/www.confrerie-saint-symphorien.be\/?p=3926\">Saint-Symphorien, \u00e9meraude du Hainaut (Jean Demullander)<\/a><\/p>\n\n\n\n<p><a href=\"http:\/\/www.confrerie-saint-symphorien.be\/?p=3974\">Archives Commanderie (Fondation de la paroisse)<\/a><\/p>\n\n\n\n<p><a href=\"http:\/\/www.confrerie-saint-symphorien.be\/?p=3983\">Anciennes Cartes du Comt\u00e9<\/a><\/p>\n\n\n\n<p><a href=\"http:\/\/www.confrerie-saint-symphorien.be\/?p=4036\">Atlas Cadastral de Saint-Symphorien<\/a><\/p>\n\n\n\n<p><a href=\"http:\/\/www.confrerie-saint-symphorien.be\/?p=4042\">Archives de l&rsquo;\u00e9tat sur Saint-Symphorien<\/a><\/p>\n","protected":false},"excerpt":{"rendered":"<p>La Confr\u00e9rie vous propose de d\u00e9couvrir une s\u00e9rie de document recueillis par Vincent Ronquier lors de ses recherches sur l&rsquo;histoire du village de Saint-Symphorien. Si vous avez d&rsquo;autres \u00e9l\u00e9ments qui nous permettent d&rsquo;enrichir notre patrimoine, n&rsquo;h\u00e9sitez pas \u00e0 les partager avec nous ==> confrerie.saint.symphorien@gmail.com Collection iconographiques Abb\u00e9 Marcq Interview de l&rsquo;abb\u00e9 Marcq en 2006 Archives &hellip; <\/p>\n<p class=\"link-more\"><a href=\"http:\/\/www.confrerie-saint-symphorien.be\/?page_id=3879\" class=\"more-link\">Continuer la lecture<span class=\"screen-reader-text\"> de &laquo;&nbsp;Archives Saint-Symphorien&nbsp;&raquo;<\/span><\/a><\/p>\n","protected":false},"author":1,"featured_media":0,"parent":0,"menu_order":0,"comment_status":"closed","ping_status":"closed","template":"","meta":{"_exactmetrics_skip_tracking":false,"_exactmetrics_sitenote_active":false,"_exactmetrics_sitenote_note":"","_exactmetrics_sitenote_category":0,"ngg_post_thumbnail":0,"footnotes":""},"class_list":["post-3879","page","type-page","status-publish","hentry"],"_links":{"self":[{"href":"http:\/\/www.confrerie-saint-symphorien.be\/index.php?rest_route=\/wp\/v2\/pages\/3879","targetHints":{"allow":["GET"]}}],"collection":[{"href":"http:\/\/www.confrerie-saint-symphorien.be\/index.php?rest_route=\/wp\/v2\/pages"}],"about":[{"href":"http:\/\/www.confrerie-saint-symphorien.be\/index.php?rest_route=\/wp\/v2\/types\/page"}],"author":[{"embeddable":true,"href":"http:\/\/www.confrerie-saint-symphorien.be\/index.php?rest_route=\/wp\/v2\/users\/1"}],"replies":[{"embeddable":true,"href":"http:\/\/www.confrerie-saint-symphorien.be\/index.php?rest_route=%2Fwp%2Fv2%2Fcomments&post=3879"}],"version-history":[{"count":16,"href":"http:\/\/www.confrerie-saint-symphorien.be\/index.php?rest_route=\/wp\/v2\/pages\/3879\/revisions"}],"predecessor-version":[{"id":4329,"href":"http:\/\/www.confrerie-saint-symphorien.be\/index.php?rest_route=\/wp\/v2\/pages\/3879\/revisions\/4329"}],"wp:attachment":[{"href":"http:\/\/www.confrerie-saint-symphorien.be\/index.php?rest_route=%2Fwp%2Fv2%2Fmedia&parent=3879"}],"curies":[{"name":"wp","href":"https:\/\/api.w.org\/{rel}","templated":true}]}}