{"id":96,"date":"2017-11-11T21:23:35","date_gmt":"2017-11-11T20:23:35","guid":{"rendered":"http:\/\/www.confrerie-saint-symphorien.be\/wordpress\/wordpress\/?page_id=96"},"modified":"2024-08-22T09:08:55","modified_gmt":"2024-08-22T07:08:55","slug":"le-tour-saint-symphorien","status":"publish","type":"page","link":"http:\/\/www.confrerie-saint-symphorien.be\/?page_id=96","title":{"rendered":"Le Tour Saint-Symphorien"},"content":{"rendered":"<p><img loading=\"lazy\" decoding=\"async\" class=\"alignleft wp-image-97 size-full\" src=\"http:\/\/www.confrerie-saint-symphorien.be\/wp-content\/uploads\/2017\/11\/tour1.jpg\" alt=\"\" width=\"194\" height=\"255\">La tradition veut que, en 1177, lors de l\u2019attribution des autels de Saint-Symphorien et de Spiennes \u00e0 l\u2019Ordre Saint-Jean de J\u00e9rusalem \u2013 actuellement l\u2019Ordre de Malte \u2013 la Ch\u00e2sse a \u00e9t\u00e9 amen\u00e9e par Mgr Allard, \u00e9v\u00eaque de Cambrai.<\/p>\n<p>La peste s\u00e9vissait \u00e0 l\u2019\u00e9poque. Les habitants du village d\u00e9cid\u00e8rent de processionner ce reliquaire en vue de former un cordon de protection et c\u2019est ainsi que s\u2019est perp\u00e9tu\u00e9e la tradition qui se d\u00e9roule le jeudi qui suit le dimanche de la f\u00eate de la Pentec\u00f4te.<\/p>\n<p>Cette manifestation en l\u2019honneur de Saint-Symphorien connut son rayonnement lorsque les usines de phosphate \u00e9taient implant\u00e9es dans l\u2019entit\u00e9 de Saint-Symphorien. Le cort\u00e8ge quittait l\u2019\u00e9glise \u00e0 6h \u00e0 l\u2019issue de la messe c\u00e9l\u00e9br\u00e9e \u00e0 5h30, \u00e9tait rejoint par le pr\u00eatre et les enfants de ch\u0153ur de Spiennes au bout du chemin Saint Druon, s\u2019arr\u00eatait \u00e0 la barri\u00e8re de Spiennes, le temps du d\u00e9jeuner et retournait ensuite en direction de l\u2019\u00e9glise de Saint-Symphorien o\u00f9, avant la c\u00e9l\u00e9bration de la 2\u00b0 messe, le pr\u00eatre de Villers-Saint-Ghislain b\u00e9nissait les p\u00e8lerins.<\/p>\n<p>La disparition des usines \u00e0 phosphate a boulevers\u00e9 la vie du village et par la force des choses, le Tour a \u00e9t\u00e9 maintenu gr\u00e2ce \u00e0 des b\u00e9n\u00e9voles et, \u00e0 l\u2019heure actuelle, par la Confr\u00e9rie.<\/p>\n<p><img loading=\"lazy\" decoding=\"async\" class=\"aligncenter wp-image-98 size-full\" src=\"http:\/\/www.confrerie-saint-symphorien.be\/wp-content\/uploads\/2017\/11\/tour2.jpg\" alt=\"\" width=\"255\" height=\"213\"><\/p>\n\n\n<p>En 2019, vu la d\u00e9saffection des participants le jeudi de la Ducasse de Mons, la Confr\u00e9rie a d\u00e9cid\u00e9 de d\u00e9placer le Grand Tour en l&rsquo;ajoutant au programme du dimanche de Ducasse de Saint-Symphorien, le quatri\u00e8me dimanche du mois d&rsquo;ao\u00fbt. Le parcours a \u00e9t\u00e9 revu pour pouvoir s&rsquo;int\u00e9grer dans la Procession \u00e0 travers le village qui lui fait suite. La premi\u00e8re \u00e9dition a port\u00e9 ses fruits, les participants se sont montr\u00e9s plus nombreux, pr\u00eats pour un nouveau d\u00e9part. Malheureusement en 2020, le COVID nous a emp\u00each\u00e9 de l&rsquo;organiser, en 2021, nous avons du nous limiter \u00e0 une \u00e9dition en petit comit\u00e9, pas de Procession, pas d&rsquo;ext\u00e9rieur, rien que le Tour ancestral. En 2022, nous avons repris l&rsquo;enchainement Tour + Procession lors de la Ducasse du village.<\/p>\n\n\n\n<p>Voici le nouveau parcours:<\/p>\n\n\n\n<div data-wp-interactive=\"core\/file\" class=\"wp-block-file\"><object data-wp-bind--hidden=\"!state.hasPdfPreview\" hidden class=\"wp-block-file__embed\" data=\"http:\/\/www.confrerie-saint-symphorien.be\/wp-content\/uploads\/2024\/08\/20220828-Grand-Tour.pdf\" type=\"application\/pdf\" style=\"width:100%;height:600px\" aria-label=\"Contenu embarqu\u00e9 20220828 - Grand Tour.\"><\/object><a id=\"wp-block-file--media-08708201-0c11-4fd4-82bb-6fab571a53fc\" href=\"http:\/\/www.confrerie-saint-symphorien.be\/wp-content\/uploads\/2024\/08\/20220828-Grand-Tour.pdf\">20220828 &#8211; Grand Tour<\/a><a href=\"http:\/\/www.confrerie-saint-symphorien.be\/wp-content\/uploads\/2024\/08\/20220828-Grand-Tour.pdf\" class=\"wp-block-file__button wp-element-button\" download aria-describedby=\"wp-block-file--media-08708201-0c11-4fd4-82bb-6fab571a53fc\">T\u00e9l\u00e9charger<\/a><\/div>\n","protected":false},"excerpt":{"rendered":"<p>La tradition veut que, en 1177, lors de l\u2019attribution des autels de Saint-Symphorien et de Spiennes \u00e0 l\u2019Ordre Saint-Jean de J\u00e9rusalem \u2013 actuellement l\u2019Ordre de Malte \u2013 la Ch\u00e2sse a \u00e9t\u00e9 amen\u00e9e par Mgr Allard, \u00e9v\u00eaque de Cambrai. La peste s\u00e9vissait \u00e0 l\u2019\u00e9poque. Les habitants du village d\u00e9cid\u00e8rent de processionner ce reliquaire en vue de &hellip; <\/p>\n<p class=\"link-more\"><a href=\"http:\/\/www.confrerie-saint-symphorien.be\/?page_id=96\" class=\"more-link\">Continuer la lecture<span class=\"screen-reader-text\"> de &laquo;&nbsp;Le Tour Saint-Symphorien&nbsp;&raquo;<\/span><\/a><\/p>\n","protected":false},"author":1,"featured_media":0,"parent":296,"menu_order":0,"comment_status":"closed","ping_status":"closed","template":"","meta":{"_exactmetrics_skip_tracking":false,"_exactmetrics_sitenote_active":false,"_exactmetrics_sitenote_note":"","_exactmetrics_sitenote_category":0,"ngg_post_thumbnail":0,"footnotes":""},"class_list":["post-96","page","type-page","status-publish","hentry"],"_links":{"self":[{"href":"http:\/\/www.confrerie-saint-symphorien.be\/index.php?rest_route=\/wp\/v2\/pages\/96","targetHints":{"allow":["GET"]}}],"collection":[{"href":"http:\/\/www.confrerie-saint-symphorien.be\/index.php?rest_route=\/wp\/v2\/pages"}],"about":[{"href":"http:\/\/www.confrerie-saint-symphorien.be\/index.php?rest_route=\/wp\/v2\/types\/page"}],"author":[{"embeddable":true,"href":"http:\/\/www.confrerie-saint-symphorien.be\/index.php?rest_route=\/wp\/v2\/users\/1"}],"replies":[{"embeddable":true,"href":"http:\/\/www.confrerie-saint-symphorien.be\/index.php?rest_route=%2Fwp%2Fv2%2Fcomments&post=96"}],"version-history":[{"count":4,"href":"http:\/\/www.confrerie-saint-symphorien.be\/index.php?rest_route=\/wp\/v2\/pages\/96\/revisions"}],"predecessor-version":[{"id":5039,"href":"http:\/\/www.confrerie-saint-symphorien.be\/index.php?rest_route=\/wp\/v2\/pages\/96\/revisions\/5039"}],"up":[{"embeddable":true,"href":"http:\/\/www.confrerie-saint-symphorien.be\/index.php?rest_route=\/wp\/v2\/pages\/296"}],"wp:attachment":[{"href":"http:\/\/www.confrerie-saint-symphorien.be\/index.php?rest_route=%2Fwp%2Fv2%2Fmedia&parent=96"}],"curies":[{"name":"wp","href":"https:\/\/api.w.org\/{rel}","templated":true}]}}